{"id":421,"date":"2023-08-30T05:17:45","date_gmt":"2023-08-30T05:17:45","guid":{"rendered":"https:\/\/kdthermodoor.com\/?post_type=product&#038;p=421"},"modified":"2023-08-31T14:01:49","modified_gmt":"2023-08-31T14:01:49","slug":"raised-panel-series-2019","status":"publish","type":"product","link":"https:\/\/kdthermodoor.com\/fr\/produit\/raised-panel-series-2019","title":{"rendered":"S\u00e9rie Panneaux Sur\u00e9lev\u00e9s 2019"},"content":{"rendered":"","protected":false},"excerpt":{"rendered":"<h2>Les Mesures:<\/h2>\n<ul>\n<li>Rail de Porte: 2.5\"<\/li>\n<li>Rail de Porte: 1.5\"<\/li>\n<li>Largeur Minimale: 8\u2033<\/li>\n<li>Hauteur Minimale: 6.5\u2033<\/li>\n<\/ul>\n<p>&nbsp;<\/p>\n<h2>Profil<\/h2>\n<p><img decoding=\"async\" loading=\"lazy\" class=\"alignnone wp-image-321\" src=\"https:\/\/kdthermodoor.com\/images\/p-421-pr.png\" alt=\"\" width=\"203\" height=\"71\" \/><\/p>\n<p>&nbsp;<\/p>\n<h2>Design:<\/h2>\n<p><img decoding=\"async\" class=\"alignnone size-medium\" src=\"https:\/\/kdthermodoor.com\/images\/design_002.png\" height=\"100\"\/><\/p>","protected":false},"featured_media":509,"template":"","meta":[],"product_cat":[29],"product_tag":[],"_links":{"self":[{"href":"https:\/\/kdthermodoor.com\/fr\/wp-json\/wp\/v2\/product\/421"}],"collection":[{"href":"https:\/\/kdthermodoor.com\/fr\/wp-json\/wp\/v2\/product"}],"about":[{"href":"https:\/\/kdthermodoor.com\/fr\/wp-json\/wp\/v2\/types\/product"}],"wp:featuredmedia":[{"embeddable":true,"href":"https:\/\/kdthermodoor.com\/fr\/wp-json\/wp\/v2\/media\/509"}],"wp:attachment":[{"href":"https:\/\/kdthermodoor.com\/fr\/wp-json\/wp\/v2\/media?parent=421"}],"wp:term":[{"taxonomy":"product_cat","embeddable":true,"href":"https:\/\/kdthermodoor.com\/fr\/wp-json\/wp\/v2\/product_cat?post=421"},{"taxonomy":"product_tag","embeddable":true,"href":"https:\/\/kdthermodoor.com\/fr\/wp-json\/wp\/v2\/product_tag?post=421"}],"curies":[{"name":"wp","href":"https:\/\/api.w.org\/{rel}","templated":true}]}}