{"id":419,"date":"2023-08-30T05:17:18","date_gmt":"2023-08-30T05:17:18","guid":{"rendered":"https:\/\/kdthermodoor.com\/?post_type=product&#038;p=419"},"modified":"2023-08-31T14:01:38","modified_gmt":"2023-08-31T14:01:38","slug":"raised-panel-series-2005","status":"publish","type":"product","link":"https:\/\/kdthermodoor.com\/fr\/produit\/raised-panel-series-2005","title":{"rendered":"S\u00e9rie Panneaux Sur\u00e9lev\u00e9s 2005"},"content":{"rendered":"","protected":false},"excerpt":{"rendered":"<h2>Les Mesures:<\/h2>\n<ul>\n<li>Rail de Porte: 2.5\"<\/li>\n<li>Rail de Porte: 2\"<\/li>\n<li>Largeur Minimale: 8\u2033<\/li>\n<li>Hauteur Minimale: 6.5\u2033<\/li>\n<\/ul>\n<p>&nbsp;<\/p>\n<h2>Profil<\/h2>\n<p><img decoding=\"async\" loading=\"lazy\" class=\"alignnone wp-image-321\" src=\"https:\/\/kdthermodoor.com\/images\/p-419-pr.png\" alt=\"\" width=\"203\" height=\"71\" \/><\/p>\n<p>&nbsp;<\/p>\n<h2>Design:<\/h2>\n<p><img decoding=\"async\" class=\"alignnone size-medium\" src=\"https:\/\/kdthermodoor.com\/images\/design_002.png\" height=\"100\" \/><\/p>","protected":false},"featured_media":507,"template":"","meta":[],"product_cat":[29],"product_tag":[],"_links":{"self":[{"href":"https:\/\/kdthermodoor.com\/fr\/wp-json\/wp\/v2\/product\/419"}],"collection":[{"href":"https:\/\/kdthermodoor.com\/fr\/wp-json\/wp\/v2\/product"}],"about":[{"href":"https:\/\/kdthermodoor.com\/fr\/wp-json\/wp\/v2\/types\/product"}],"wp:featuredmedia":[{"embeddable":true,"href":"https:\/\/kdthermodoor.com\/fr\/wp-json\/wp\/v2\/media\/507"}],"wp:attachment":[{"href":"https:\/\/kdthermodoor.com\/fr\/wp-json\/wp\/v2\/media?parent=419"}],"wp:term":[{"taxonomy":"product_cat","embeddable":true,"href":"https:\/\/kdthermodoor.com\/fr\/wp-json\/wp\/v2\/product_cat?post=419"},{"taxonomy":"product_tag","embeddable":true,"href":"https:\/\/kdthermodoor.com\/fr\/wp-json\/wp\/v2\/product_tag?post=419"}],"curies":[{"name":"wp","href":"https:\/\/api.w.org\/{rel}","templated":true}]}}