{"id":426,"date":"2023-08-30T05:41:48","date_gmt":"2023-08-30T05:41:48","guid":{"rendered":"https:\/\/kdthermodoor.com\/?page_id=426"},"modified":"2023-08-31T04:24:55","modified_gmt":"2023-08-31T04:24:55","slug":"contactus","status":"publish","type":"page","link":"https:\/\/kdthermodoor.com\/fr\/contactus","title":{"rendered":"Contactez Nous"},"content":{"rendered":"<div class=\"wp-block-group is-layout-constrained wp-block-group-is-layout-constrained\">\n<p>Contactez-nous par t\u00e9l\u00e9phone ou via le formulaire ci-dessous pour nous faire part de vos besoins en mati\u00e8re de conception. N'oubliez pas d'indiquer tous les d\u00e9tails pertinents du projet.<\/p>\n<\/div>\n\n\n\n<div class=\"wp-block-group is-content-justification-center is-layout-constrained wp-container-7 wp-block-group-is-layout-constrained\">\n<div class=\"wp-block-columns wp-container-content-5 is-layout-flex wp-container-6 wp-block-columns-is-layout-flex\">\n<div class=\"wp-block-column is-layout-flow wp-block-column-is-layout-flow\" style=\"flex-basis:45%\">\n<p><\/p>\n\n\n\n<p class=\"has-primary-color has-text-color has-montserrat-font-family\" style=\"font-size:1.5rem\"><strong>KD ThermoDoors<\/strong><\/p>\n\n\n\n<p style=\"font-size:0.9rem;font-style:italic;font-weight:300\">Bureau: +1 (514) 422-8888<\/p>\n\n\n\n<p style=\"font-size:0.9rem;font-style:italic;font-weight:300\">T\u00e9l\u00e9phone: +1 (514) 947-9676<\/p>\n<\/div>\n\n\n\n<div class=\"wp-block-column is-vertically-aligned-center is-layout-flow wp-block-column-is-layout-flow\" style=\"padding-right:0;padding-left:0;flex-basis:100%\"><style id=\"wpforms-css-vars-root\">\n\t\t\t\t:root {\n\t\t\t\t\t--wpforms-field-border-radius: 3px;\n--wpforms-field-background-color: #ffffff;\n--wpforms-field-border-color: rgba( 0, 0, 0, 0.25 );\n--wpforms-field-text-color: rgba( 0, 0, 0, 0.7 );\n--wpforms-label-color: rgba( 0, 0, 0, 0.85 );\n--wpforms-label-sublabel-color: rgba( 0, 0, 0, 0.55 );\n--wpforms-label-error-color: #d63637;\n--wpforms-button-border-radius: 3px;\n--wpforms-button-background-color: #066aab;\n--wpforms-button-text-color: #ffffff;\n--wpforms-field-size-input-height: 43px;\n--wpforms-field-size-input-spacing: 15px;\n--wpforms-field-size-font-size: 16px;\n--wpforms-field-size-line-height: 19px;\n--wpforms-field-size-padding-h: 14px;\n--wpforms-field-size-checkbox-size: 16px;\n--wpforms-field-size-sublabel-spacing: 5px;\n--wpforms-field-size-icon-size: 1;\n--wpforms-label-size-font-size: 16px;\n--wpforms-label-size-line-height: 19px;\n--wpforms-label-size-sublabel-font-size: 14px;\n--wpforms-label-size-sublabel-line-height: 17px;\n--wpforms-button-size-font-size: 17px;\n--wpforms-button-size-height: 41px;\n--wpforms-button-size-padding-h: 15px;\n--wpforms-button-size-margin-top: 10px;\n\n\t\t\t\t}\n\t\t\t<\/style><div class=\"wpforms-container wpforms-container-full wpforms-block wpforms-block-2d20f2cf-1a91-444d-9585-a9483fed8c86 wpforms-render-modern\" id=\"wpforms-422\"><form id=\"wpforms-form-422\" class=\"wpforms-validate wpforms-form wpforms-ajax-form\" data-formid=\"422\" method=\"post\" enctype=\"multipart\/form-data\" action=\"\/fr\/wp-json\/wp\/v2\/pages\/426\" data-token=\"3eb01cdc0c215f9693c00201b3295cf2\" data-trp-original-action=\"\/fr\/wp-json\/wp\/v2\/pages\/426\"><noscript class=\"wpforms-error-noscript\">Please enable JavaScript in your browser to complete this form.<\/noscript><div class=\"wpforms-hidden\" id=\"wpforms-error-noscript\">Please enable JavaScript in your browser to complete this form.<\/div><div class=\"wpforms-field-container\"><div id=\"wpforms-422-field_3-container\" class=\"wpforms-field wpforms-field-radio wpforms-one-third\" data-field-id=\"3\"><fieldset><legend class=\"wpforms-field-label\">Quelle s\u00e9rie de portes vous int\u00e9resse?<\/legend><ul id=\"wpforms-422-field_3\"><li class=\"choice-1 depth-1 wpforms-selected\"><input type=\"radio\" id=\"wpforms-422-field_3_1\" name=\"wpforms[fields][3]\" value=\"Flat Series\" aria-errormessage=\"wpforms-422-field_3_1-error\"   checked='checked'><label class=\"wpforms-field-label-inline\" for=\"wpforms-422-field_3_1\">S\u00e9ries Plat<\/label><\/li><li class=\"choice-2 depth-1\"><input type=\"radio\" id=\"wpforms-422-field_3_2\" name=\"wpforms[fields][3]\" value=\"Shaker Series\" aria-errormessage=\"wpforms-422-field_3_2-error\"  ><label class=\"wpforms-field-label-inline\" for=\"wpforms-422-field_3_2\">S\u00e9ries Shaker<\/label><\/li><li class=\"choice-3 depth-1\"><input type=\"radio\" id=\"wpforms-422-field_3_3\" name=\"wpforms[fields][3]\" value=\"Raised Panel Series\" aria-errormessage=\"wpforms-422-field_3_3-error\"  ><label class=\"wpforms-field-label-inline\" for=\"wpforms-422-field_3_3\">S\u00e9rie Panneaux Sur\u00e9lev\u00e9s<\/label><\/li><li class=\"choice-4 depth-1\"><input type=\"radio\" id=\"wpforms-422-field_3_4\" name=\"wpforms[fields][3]\" value=\"MDF Series\" aria-errormessage=\"wpforms-422-field_3_4-error\"  ><label class=\"wpforms-field-label-inline\" for=\"wpforms-422-field_3_4\">S\u00e9ries MDF<\/label><\/li><li class=\"choice-5 depth-1\"><input type=\"radio\" id=\"wpforms-422-field_3_5\" name=\"wpforms[fields][3]\" value=\"No Preference\" aria-errormessage=\"wpforms-422-field_3_5-error\"  ><label class=\"wpforms-field-label-inline\" for=\"wpforms-422-field_3_5\">Pas de Pr\u00e9f\u00e9rence<\/label><\/li><\/ul><\/fieldset><\/div><div id=\"wpforms-422-field_0-container\" class=\"wpforms-field wpforms-field-name\" data-field-id=\"0\"><fieldset><legend class=\"wpforms-field-label\">Nom <span class=\"wpforms-required-label\" aria-hidden=\"true\">*<\/span><\/legend><div class=\"wpforms-field-row wpforms-field-medium\"><div class=\"wpforms-field-row-block wpforms-first wpforms-one-half\"><input type=\"text\" id=\"wpforms-422-field_0\" class=\"wpforms-field-name-first wpforms-field-required\" name=\"wpforms[fields][0][first]\" aria-errormessage=\"wpforms-422-field_0-error\" required><label for=\"wpforms-422-field_0\" class=\"wpforms-field-sublabel after\">Pr\u00e9nom<\/label><\/div><div class=\"wpforms-field-row-block wpforms-one-half\"><input type=\"text\" id=\"wpforms-422-field_0-last\" class=\"wpforms-field-name-last wpforms-field-required\" name=\"wpforms[fields][0][last]\" aria-errormessage=\"wpforms-422-field_0-last-error\" required><label for=\"wpforms-422-field_0-last\" class=\"wpforms-field-sublabel after\">Nom<\/label><\/div><\/div><\/fieldset><\/div><div id=\"wpforms-422-field_1-container\" class=\"wpforms-field wpforms-field-email\" data-field-id=\"1\"><label class=\"wpforms-field-label\" for=\"wpforms-422-field_1\">Courriel <span class=\"wpforms-required-label\" aria-hidden=\"true\">*<\/span><\/label><input type=\"email\" id=\"wpforms-422-field_1\" class=\"wpforms-field-medium wpforms-field-required\" name=\"wpforms[fields][1]\" spellcheck=\"false\" aria-errormessage=\"wpforms-422-field_1-error\" required><\/div><div id=\"wpforms-422-field_5-container\" class=\"wpforms-field wpforms-field-text\" data-field-id=\"5\"><label class=\"wpforms-field-label\" for=\"wpforms-422-field_5\">Nom de L'entreprise (le cas \u00e9ch\u00e9ant)<\/label><input type=\"text\" id=\"wpforms-422-field_5\" class=\"wpforms-field-medium\" name=\"wpforms[fields][5]\" aria-errormessage=\"wpforms-422-field_5-error\" ><\/div><div id=\"wpforms-422-field_4-container\" class=\"wpforms-field wpforms-field-number\" data-field-id=\"4\"><label class=\"wpforms-field-label\" for=\"wpforms-422-field_4\">Num\u00e9ro de T\u00e9l\u00e9phone <span class=\"wpforms-required-label\" aria-hidden=\"true\">*<\/span><\/label><input type=\"number\" pattern=\"\\d*\" id=\"wpforms-422-field_4\" class=\"wpforms-field-medium wpforms-field-required\" name=\"wpforms[fields][4]\" aria-errormessage=\"wpforms-422-field_4-error\" required><\/div><div id=\"wpforms-422-field_6-container\" class=\"wpforms-field wpforms-field-checkbox wpforms-list-inline\" data-field-id=\"6\"><fieldset><legend class=\"wpforms-field-label\">M\u00e9thode de Contact Pr\u00e9f\u00e9r\u00e9e<\/legend><ul id=\"wpforms-422-field_6\" class=\"wpforms-icon-choices wpforms-icon-choices-default wpforms-icon-choices-large\" style=\"--wpforms-icon-choices-color: #183261;\"><li class=\"choice-1 depth-1 wpforms-icon-choices-item\"><label class=\"wpforms-field-label-inline\" for=\"wpforms-422-field_6_1\">\n\t\t\t\t<span class=\"wpforms-icon-choices-icon\">\n\t\t\t\t\t<svg xmlns=\"http:\/\/www.w3.org\/2000\/svg\" width=\"80\" height=\"64px\" viewbox=\"0 0 512 512\"><!--! Font Awesome Free 6.4.0 by @fontawesome - https:\/\/fontawesome.com License - https:\/\/fontawesome.com\/license\/free (Icons: CC BY 4.0, Fonts: SIL OFL 1.1, Code: MIT License) Copyright 2023 Fonticons, Inc. --><path d=\"M164.9 24.6c-7.7-18.6-28-28.5-47.4-23.2l-88 24C12.1 30.2 0 46 0 64C0 311.4 200.6 512 448 512c18 0 33.8-12.1 38.6-29.5l24-88c5.3-19.4-4.6-39.7-23.2-47.4l-96-40c-16.3-6.8-35.2-2.1-46.3 11.6L304.7 368C234.3 334.7 177.3 277.7 144 207.3L193.3 167c13.7-11.2 18.4-30 11.6-46.3l-40-96z\"\/><\/svg>\n\t\t\t\t\t<span class=\"wpforms-icon-choices-icon-bg\"><\/span>\n\t\t\t\t<\/span>\n\t\t\t\t<input type=\"checkbox\" id=\"wpforms-422-field_6_1\" class=\"wpforms-screen-reader-element\" name=\"wpforms[fields][6][]\" value=\"Phone\" aria-errormessage=\"wpforms-422-field_6_1-error\"  >\n\t\t\t\t<span class=\"wpforms-icon-choices-label\">T\u00e9l\u00e9phone<\/span>\n\t\t\t<\/label><\/li><li class=\"choice-2 depth-1 wpforms-icon-choices-item\"><label class=\"wpforms-field-label-inline\" for=\"wpforms-422-field_6_2\">\n\t\t\t\t<span class=\"wpforms-icon-choices-icon\">\n\t\t\t\t\t<svg xmlns=\"http:\/\/www.w3.org\/2000\/svg\" width=\"80\" height=\"64px\" viewbox=\"0 0 512 512\"><!--! Font Awesome Free 6.4.0 by @fontawesome - https:\/\/fontawesome.com License - https:\/\/fontawesome.com\/license\/free (Icons: CC BY 4.0, Fonts: SIL OFL 1.1, Code: MIT License) Copyright 2023 Fonticons, Inc. --><path d=\"M64 0C28.7 0 0 28.7 0 64V352c0 35.3 28.7 64 64 64h96v80c0 6.1 3.4 11.6 8.8 14.3s11.9 2.1 16.8-1.5L309.3 416H448c35.3 0 64-28.7 64-64V64c0-35.3-28.7-64-64-64H64z\"\/><\/svg>\n\t\t\t\t\t<span class=\"wpforms-icon-choices-icon-bg\"><\/span>\n\t\t\t\t<\/span>\n\t\t\t\t<input type=\"checkbox\" id=\"wpforms-422-field_6_2\" class=\"wpforms-screen-reader-element\" name=\"wpforms[fields][6][]\" value=\"Message\" aria-errormessage=\"wpforms-422-field_6_2-error\"  >\n\t\t\t\t<span class=\"wpforms-icon-choices-label\">Message<\/span>\n\t\t\t<\/label><\/li><li class=\"choice-3 depth-1 wpforms-icon-choices-item\"><label class=\"wpforms-field-label-inline\" for=\"wpforms-422-field_6_3\">\n\t\t\t\t<span class=\"wpforms-icon-choices-icon\">\n\t\t\t\t\t<svg xmlns=\"http:\/\/www.w3.org\/2000\/svg\" width=\"80\" height=\"64px\" viewbox=\"0 0 512 512\"><!--! Font Awesome Free 6.4.0 by @fontawesome - https:\/\/fontawesome.com License - https:\/\/fontawesome.com\/license\/free (Icons: CC BY 4.0, Fonts: SIL OFL 1.1, Code: MIT License) Copyright 2023 Fonticons, Inc. --><path d=\"M256 64C150 64 64 150 64 256s86 192 192 192c17.7 0 32 14.3 32 32s-14.3 32-32 32C114.6 512 0 397.4 0 256S114.6 0 256 0S512 114.6 512 256v32c0 53-43 96-96 96c-29.3 0-55.6-13.2-73.2-33.9C320 371.1 289.5 384 256 384c-70.7 0-128-57.3-128-128s57.3-128 128-128c27.9 0 53.7 8.9 74.7 24.1c5.7-5 13.1-8.1 21.3-8.1c17.7 0 32 14.3 32 32v80 32c0 17.7 14.3 32 32 32s32-14.3 32-32V256c0-106-86-192-192-192zm64 192a64 64 0 1 0 -128 0 64 64 0 1 0 128 0z\"\/><\/svg>\n\t\t\t\t\t<span class=\"wpforms-icon-choices-icon-bg\"><\/span>\n\t\t\t\t<\/span>\n\t\t\t\t<input type=\"checkbox\" id=\"wpforms-422-field_6_3\" class=\"wpforms-screen-reader-element\" name=\"wpforms[fields][6][]\" value=\"Email\" aria-errormessage=\"wpforms-422-field_6_3-error\"  >\n\t\t\t\t<span class=\"wpforms-icon-choices-label\">Courriel<\/span>\n\t\t\t<\/label><\/li><\/ul><\/fieldset><\/div><div id=\"wpforms-422-field_2-container\" class=\"wpforms-field wpforms-field-textarea\" data-field-id=\"2\"><label class=\"wpforms-field-label\" for=\"wpforms-422-field_2\">Message<\/label><textarea id=\"wpforms-422-field_2\" class=\"wpforms-field-medium\" name=\"wpforms[fields][2]\" aria-errormessage=\"wpforms-422-field_2-error\" ><\/textarea><\/div><\/div><!-- .wpforms-field-container --><div class=\"wpforms-submit-container\" ><input type=\"hidden\" name=\"wpforms[id]\" value=\"422\"><input type=\"hidden\" name=\"wpforms[author]\" value=\"1\"><button type=\"submit\" name=\"wpforms[submit]\" id=\"wpforms-submit-422\" class=\"wpforms-submit\" data-alt-text=\"Sending...\" data-submit-text=\"Submit\" aria-live=\"assertive\" value=\"wpforms-submit\">Soumettre<\/button><img decoding=\"async\" loading=\"lazy\" src=\"https:\/\/kdthermodoor.com\/wp-content\/plugins\/wpforms-lite\/assets\/images\/submit-spin.svg\" class=\"wpforms-submit-spinner\" style=\"display: none;\" width=\"26\" height=\"26\" alt=\"Loading\"><\/div><input type=\"hidden\" name=\"trp-form-language\" value=\"fr\"\/><\/form><\/div>  <!-- .wpforms-container --><\/div>\n<\/div>\n<\/div>","protected":false},"excerpt":{"rendered":"<p>Contact us with your design needs by phone or via the form below to get [&hellip;]<\/p>","protected":false},"author":1,"featured_media":0,"parent":0,"menu_order":0,"comment_status":"closed","ping_status":"closed","template":"","meta":{"footnotes":""},"_links":{"self":[{"href":"https:\/\/kdthermodoor.com\/fr\/wp-json\/wp\/v2\/pages\/426"}],"collection":[{"href":"https:\/\/kdthermodoor.com\/fr\/wp-json\/wp\/v2\/pages"}],"about":[{"href":"https:\/\/kdthermodoor.com\/fr\/wp-json\/wp\/v2\/types\/page"}],"author":[{"embeddable":true,"href":"https:\/\/kdthermodoor.com\/fr\/wp-json\/wp\/v2\/users\/1"}],"replies":[{"embeddable":true,"href":"https:\/\/kdthermodoor.com\/fr\/wp-json\/wp\/v2\/comments?post=426"}],"version-history":[{"count":6,"href":"https:\/\/kdthermodoor.com\/fr\/wp-json\/wp\/v2\/pages\/426\/revisions"}],"predecessor-version":[{"id":513,"href":"https:\/\/kdthermodoor.com\/fr\/wp-json\/wp\/v2\/pages\/426\/revisions\/513"}],"wp:attachment":[{"href":"https:\/\/kdthermodoor.com\/fr\/wp-json\/wp\/v2\/media?parent=426"}],"curies":[{"name":"wp","href":"https:\/\/api.w.org\/{rel}","templated":true}]}}