{"id":172,"date":"2023-08-30T03:33:11","date_gmt":"2023-08-30T03:33:11","guid":{"rendered":"https:\/\/kdthermodoor.com\/?page_id=172"},"modified":"2023-08-30T03:33:11","modified_gmt":"2023-08-30T03:33:11","slug":"about-us","status":"publish","type":"page","link":"https:\/\/kdthermodoor.com\/fr\/about-us","title":{"rendered":"\u00c0 Propos"},"content":{"rendered":"<p class=\"gutenify-section-97652060-405c-11ee-89fc-f18a32e067d1\" style=\"font-style:normal;font-weight:700\">LA FUSION DE L'ARTISANAT AVEC UN DESIGN MODERNE ET UNE TECHNOLOGIE DE POINTE<\/p>\n\n\n\n<p class=\"gutenify-section-976bfe30-405c-11ee-89fc-f18a32e067d1\">Depuis 15 ans, nous sommes fiers de servir des clients r\u00e9sidentiels et commerciaux.<\/p>\n\n\n\n<p class=\"gutenify-section-9771a380-405c-11ee-89fc-f18a32e067d1\">KD ThermoDoor provides high quality cabinet doors &amp; drawers with broad selection and superior service.<\/p>\n\n\n\n<p class=\"gutenify-section-977748d0-405c-11ee-89fc-f18a32e067d1\">Tous nos produits sont fabriqu\u00e9s \u00e0 partir des meilleurs mat\u00e9riaux et chaque commande est fabriqu\u00e9e sur mesure en fonction de vos sp\u00e9cifications. Gr\u00e2ce \u00e0 une technologie de pointe, nous garantissons des portes parfaites \u00e0 chaque fois. Gr\u00e2ce \u00e0 notre vaste gamme de designs, de couleurs et \u00e0 notre flexibilit\u00e9 en mati\u00e8re de personnalisation, nous offrons un choix presque illimit\u00e9 de styles de portes.<\/p>\n\n\n\n<p class=\"gutenify-section-977ca000-405c-11ee-89fc-f18a32e067d1\">Nous mettons l'accent sur l'am\u00e9lioration des processus et les contr\u00f4les de qualit\u00e9, ce qui garantit votre enti\u00e8re satisfaction. En tant que client, vous b\u00e9n\u00e9ficierez de nos ann\u00e9es d'exp\u00e9rience et de nos d\u00e9lais de livraison courts et constants.<\/p>\n\n\n\n<p class=\"gutenify-section-97868b10-405c-11ee-89fc-f18a32e067d1\">Nous fabriquons toutes les pi\u00e8ces essentielles \u00e0 vos applications r\u00e9sidentielles et commerciales dans nos installations de Montr\u00e9al.<\/p>\n\n\n\n<figure class=\"wp-block-image aligncenter size-large is-resized gutenify-section-3db08de0-46e5-11ee-83b5-6781d9179de4\"><img decoding=\"async\" loading=\"lazy\" src=\"https:\/\/kdthermodoor.com\/images\/machine01.png\" alt=\"\" style=\"width:533px;height:352px\" width=\"533\" height=\"352\"\/><\/figure>","protected":false},"excerpt":{"rendered":"<p>MERGING THE CRAFTSMANSHIP WITH MODERN DESIGN AND STATE-OF-THE-ART TECHNOLOGY Since 15 years we are proudly [&hellip;]<\/p>","protected":false},"author":1,"featured_media":0,"parent":0,"menu_order":0,"comment_status":"closed","ping_status":"closed","template":"","meta":{"footnotes":""},"_links":{"self":[{"href":"https:\/\/kdthermodoor.com\/fr\/wp-json\/wp\/v2\/pages\/172"}],"collection":[{"href":"https:\/\/kdthermodoor.com\/fr\/wp-json\/wp\/v2\/pages"}],"about":[{"href":"https:\/\/kdthermodoor.com\/fr\/wp-json\/wp\/v2\/types\/page"}],"author":[{"embeddable":true,"href":"https:\/\/kdthermodoor.com\/fr\/wp-json\/wp\/v2\/users\/1"}],"replies":[{"embeddable":true,"href":"https:\/\/kdthermodoor.com\/fr\/wp-json\/wp\/v2\/comments?post=172"}],"version-history":[{"count":3,"href":"https:\/\/kdthermodoor.com\/fr\/wp-json\/wp\/v2\/pages\/172\/revisions"}],"predecessor-version":[{"id":397,"href":"https:\/\/kdthermodoor.com\/fr\/wp-json\/wp\/v2\/pages\/172\/revisions\/397"}],"wp:attachment":[{"href":"https:\/\/kdthermodoor.com\/fr\/wp-json\/wp\/v2\/media?parent=172"}],"curies":[{"name":"wp","href":"https:\/\/api.w.org\/{rel}","templated":true}]}}